{"id":3023,"date":"2025-11-04T00:07:32","date_gmt":"2025-11-04T00:07:32","guid":{"rendered":"https:\/\/corporacionagrocolombia.com\/sitio\/?page_id=3023"},"modified":"2025-11-10T14:42:56","modified_gmt":"2025-11-10T14:42:56","slug":"circuitos-cortos-de-comercializacion-seguridad-alimentaria","status":"publish","type":"page","link":"https:\/\/corporacionagrocolombia.com\/sitio\/circuitos-cortos-de-comercializacion-seguridad-alimentaria\/","title":{"rendered":"Circuitos cortos de comercializaci\u00f3n \u2013 seguridad alimentaria"},"content":{"rendered":"<p>[et_pb_section fb_built=\u00bb1&#8243; _builder_version=\u00bb4.27.4&#8243; _module_preset=\u00bbdefault\u00bb background_color=\u00bb#6AAF2D\u00bb background_image=\u00bbhttps:\/\/corporacionagrocolombia.com\/sitio\/wp-content\/uploads\/2025\/10\/blurred-abstract-background-interior-view-looking-out-toward-empty-office-lobby-entrance-doors-glass-curtain-wall-with-frame-scaled-1.jpg\u00bb background_blend=\u00bbmultiply\u00bb custom_padding=\u00bb4vw||4vw||true|false\u00bb global_colors_info=\u00bb{}\u00bb][et_pb_row _builder_version=\u00bb4.16&#8243; _module_preset=\u00bbdefault\u00bb animation_style=\u00bbzoom\u00bb animation_delay=\u00bb100ms\u00bb animation_starting_opacity=\u00bb20%\u00bb custom_css_main_element=\u00bbdisplay:flex;||align-items:center;||justify-content:center;\u00bb global_colors_info=\u00bb{}\u00bb custom_css_main_element_last_edited=\u00bbon|tablet\u00bb custom_css_main_element_tablet=\u00bbdisplay:flex;||align-items:center;||justify-content:center;\u00bb custom_css_main_element_phone=\u00bbdisplay:flex;||align-items:center;||justify-content:center;\u00bb][et_pb_column type=\u00bb4_4&#8243; _builder_version=\u00bb4.16&#8243; _module_preset=\u00bbdefault\u00bb global_colors_info=\u00bb{}\u00bb][et_pb_text _builder_version=\u00bb4.27.4&#8243; _module_preset=\u00bbdefault\u00bb text_font=\u00bbPoppins|300|||||||\u00bb text_text_color=\u00bb#FFFFFF\u00bb header_2_font=\u00bbDM Sans|700|||||||\u00bb header_2_text_color=\u00bb#F5F3EE\u00bb header_2_font_size=\u00bb50px\u00bb header_2_letter_spacing=\u00bb-0.02em\u00bb header_2_line_height=\u00bb1.15em\u00bb header_4_font=\u00bbDM Sans|700||on|||||\u00bb header_4_text_color=\u00bb#F5F3EE\u00bb header_4_font_size=\u00bb14px\u00bb header_4_letter_spacing=\u00bb1px\u00bb header_4_line_height=\u00bb1.5em\u00bb text_orientation=\u00bbcenter\u00bb header_2_font_size_tablet=\u00bb32px\u00bb header_2_font_size_phone=\u00bb20px\u00bb header_2_font_size_last_edited=\u00bbon|desktop\u00bb header_4_font_size_tablet=\u00bb14px\u00bb header_4_font_size_phone=\u00bb\u00bb header_4_font_size_last_edited=\u00bbon|tablet\u00bb global_colors_info=\u00bb{}\u00bb]<\/p>\n<h4>Corporaci\u00f3n agrocolombia<\/h4>\n<h2>Experiencias<\/h2>\n<p>Cada experiencia representa una historia de innovaci\u00f3n, trabajo conjunto y transformaci\u00f3n en el sector agropecuario[\/et_pb_text][\/et_pb_column][\/et_pb_row][\/et_pb_section][et_pb_section fb_built=\u00bb1&#8243; admin_label=\u00bbHeader\u00bb _builder_version=\u00bb4.16&#8243; _module_preset=\u00bbdefault\u00bb background_color=\u00bb#f5f3ee\u00bb global_colors_info=\u00bb{}\u00bb][et_pb_row make_equal=\u00bbon\u00bb _builder_version=\u00bb4.27.4&#8243; _module_preset=\u00bbdefault\u00bb border_width_bottom=\u00bb1px\u00bb border_color_bottom=\u00bb#cccccc\u00bb locked=\u00bboff\u00bb global_colors_info=\u00bb{}\u00bb][et_pb_column type=\u00bb4_4&#8243; _builder_version=\u00bb4.16&#8243; _module_preset=\u00bbdefault\u00bb global_colors_info=\u00bb{}\u00bb][et_pb_blurb title=\u00bbCircuitos cortos de comercializaci\u00f3n \u2013 seguridad alimentaria\u00bb _builder_version=\u00bb4.27.4&#8243; _module_preset=\u00bbdefault\u00bb header_font=\u00bbDM Sans|700|||||||\u00bb header_text_color=\u00bb#F5F3EE\u00bb header_font_size=\u00bb36px\u00bb body_font=\u00bbDM Sans|700||on|||||\u00bb body_text_color=\u00bb#F5F3EE\u00bb body_letter_spacing=\u00bb1px\u00bb background_color=\u00bb#6AAF2D\u00bb text_orientation=\u00bbcenter\u00bb custom_padding=\u00bb40px|20px|40px|20px|true|true\u00bb border_radii=\u00bboff|50px||50px|\u00bb locked=\u00bboff\u00bb global_colors_info=\u00bb{}\u00bb][\/et_pb_blurb][\/et_pb_column][\/et_pb_row][et_pb_row column_structure=\u00bb1_2,1_2&#8243; _builder_version=\u00bb4.27.4&#8243; _module_preset=\u00bbdefault\u00bb border_width_bottom=\u00bb1px\u00bb border_color_bottom=\u00bb#cccccc\u00bb locked=\u00bboff\u00bb global_colors_info=\u00bb{}\u00bb][et_pb_column type=\u00bb1_2&#8243; _builder_version=\u00bb4.16&#8243; _module_preset=\u00bbdefault\u00bb global_colors_info=\u00bb{}\u00bb][et_pb_image src=\u00bbhttps:\/\/corporacionagrocolombia.com\/sitio\/wp-content\/uploads\/2025\/11\/Quindio.png\u00bb _builder_version=\u00bb4.27.4&#8243; _module_preset=\u00bbdefault\u00bb title_text=\u00bbQuindio\u00bb hover_enabled=\u00bb0&#8243; sticky_enabled=\u00bb0&#8243;][\/et_pb_image][\/et_pb_column][et_pb_column type=\u00bb1_2&#8243; _builder_version=\u00bb4.16&#8243; _module_preset=\u00bbdefault\u00bb global_colors_info=\u00bb{}\u00bb][et_pb_text _builder_version=\u00bb4.27.4&#8243; _module_preset=\u00bbdefault\u00bb text_font=\u00bbPoppins|300|||||||\u00bb text_text_color=\u00bb#242424&#8243; header_font=\u00bb||||||||\u00bb header_3_font=\u00bbDM Sans|700|||||||\u00bb header_3_text_color=\u00bb#6AAF2D\u00bb header_3_font_size=\u00bb36px\u00bb header_3_letter_spacing=\u00bb-0.02em\u00bb header_3_line_height=\u00bb1.2em\u00bb text_orientation=\u00bbjustified\u00bb custom_margin=\u00bb||||false|false\u00bb header_3_font_size_tablet=\u00bb20px\u00bb header_3_font_size_phone=\u00bb16px\u00bb header_3_font_size_last_edited=\u00bbon|phone\u00bb locked=\u00bboff\u00bb global_colors_info=\u00bb{}\u00bb]<strong>OBJETO:<\/strong> Asistencia y acompa\u00f1amiento t\u00e9cnico a la poblaci\u00f3n campesina y familias victimas hacia la soberan\u00eda y seguridad alimentaria a trav\u00e9s de la producci\u00f3n de verduras, hortalizas y dem\u00e1s l\u00edneas productivas enfocada en la mitigaci\u00f3n de los efectos del cambio clim\u00e1tico, con el fin de desarrollar acciones que promuevan la distribuci\u00f3n de productos agropecuarios producidos a nivel local, a trav\u00e9s de los mercados campesinos como espacio para posibilitar la comercializaci\u00f3n de los productos agr\u00edcolas bajo el modelo de producci\u00f3n limpia.<\/p>\n<p><strong>Municipios:<\/strong> Buenavista, Filandia y C\u00f3rdoba en el departamento del Quind\u00edo.<\/p>\n<p><strong>L\u00edneas productivas:<\/strong> Hortalizas, pl\u00e1tano, banano, mora, lulo, c\u00edtricos, caf\u00e9s especiales, plantas arom\u00e1ticas y huevos.<\/p>\n<p><strong>Beneficiarios:<\/strong> 160 familias.<\/p>\n<p><strong>Valor ejecutado en el contrato:<\/strong> Ciento Ochenta y Un Mill\u00f3n Setenta Mil Noventa y Cinco pesos M\/CTE ($181.070.095).[\/et_pb_text][\/et_pb_column][\/et_pb_row][et_pb_row column_structure=\u00bb1_3,1_3,1_3&#8243; make_equal=\u00bbon\u00bb _builder_version=\u00bb4.27.4&#8243; _module_preset=\u00bbdefault\u00bb locked=\u00bboff\u00bb global_colors_info=\u00bb{}\u00bb][et_pb_column type=\u00bb1_3&#8243; _builder_version=\u00bb4.27.4&#8243; _module_preset=\u00bbdefault\u00bb background_color=\u00bb#6AAF2D\u00bb custom_padding=\u00bb50px|20px|50px|20px|true|true\u00bb border_radii=\u00bboff|30px||30px|\u00bb global_colors_info=\u00bb{}\u00bb][et_pb_text _builder_version=\u00bb4.27.4&#8243; _module_preset=\u00bbdefault\u00bb text_font=\u00bbDM Sans|||on|||||\u00bb text_text_color=\u00bb#F5F3EE\u00bb text_font_size=\u00bb20px\u00bb text_line_height=\u00bb1.2em\u00bb header_2_font=\u00bbDM Sans|700|||||||\u00bb header_2_text_align=\u00bbcenter\u00bb header_2_text_color=\u00bb#F2EBE4&#8243; text_orientation=\u00bbcenter\u00bb global_colors_info=\u00bb{}\u00bb]<\/p>\n<h2>Contratos ejecutados<\/h2>\n<p>10<\/p>\n<p>[\/et_pb_text][\/et_pb_column][et_pb_column type=\u00bb1_3&#8243; _builder_version=\u00bb4.27.4&#8243; _module_preset=\u00bbdefault\u00bb background_color=\u00bb#6AAF2D\u00bb custom_padding=\u00bb50px|20px|50px|20px|true|true\u00bb border_radii=\u00bboff|30px||30px|\u00bb global_colors_info=\u00bb{}\u00bb][et_pb_text _builder_version=\u00bb4.27.4&#8243; _module_preset=\u00bbdefault\u00bb text_font=\u00bbDM Sans|||on|||||\u00bb text_text_color=\u00bb#F5F3EE\u00bb text_font_size=\u00bb20px\u00bb text_line_height=\u00bb1.2em\u00bb header_2_font=\u00bbDM Sans|700|||||||\u00bb header_2_text_align=\u00bbcenter\u00bb header_2_text_color=\u00bb#F2EBE4&#8243; text_orientation=\u00bbcenter\u00bb global_colors_info=\u00bb{}\u00bb]<\/p>\n<h2>Fecha de<br \/>\ninicio<\/h2>\n<p>Entre el 22 marzo 2018[\/et_pb_text][\/et_pb_column][et_pb_column type=\u00bb1_3&#8243; _builder_version=\u00bb4.27.4&#8243; _module_preset=\u00bbdefault\u00bb background_color=\u00bb#6AAF2D\u00bb custom_padding=\u00bb50px|20px|50px|20px|true|true\u00bb border_radii=\u00bboff|30px||30px|\u00bb global_colors_info=\u00bb{}\u00bb][et_pb_text _builder_version=\u00bb4.27.4&#8243; _module_preset=\u00bbdefault\u00bb text_font=\u00bbDM Sans|||on|||||\u00bb text_text_color=\u00bb#F5F3EE\u00bb text_font_size=\u00bb20px\u00bb text_line_height=\u00bb1.2em\u00bb header_2_font=\u00bbDM Sans|700|||||||\u00bb header_2_text_align=\u00bbcenter\u00bb header_2_text_color=\u00bb#F2EBE4&#8243; text_orientation=\u00bbcenter\u00bb global_colors_info=\u00bb{}\u00bb]<\/p>\n<h2>Fecha de<br \/>\nterminaci\u00f3n<\/h2>\n<p>hasta el 30 diciembre 2023[\/et_pb_text][\/et_pb_column][\/et_pb_row][\/et_pb_section][et_pb_section fb_built=\u00bb1&#8243; custom_padding_last_edited=\u00bbon|tablet\u00bb padding_top_1=\u00bb120px\u00bb padding_top_bottom_link_1=\u00bbfalse\u00bb padding_left_right_link_1=\u00bbfalse\u00bb _builder_version=\u00bb4.27.4&#8243; _module_preset=\u00bbdefault\u00bb background_color=\u00bb#f5f3ee\u00bb custom_padding_tablet=\u00bb|0px||0px|false|true\u00bb custom_padding_phone=\u00bb|0px||0px|false|true\u00bb global_colors_info=\u00bb{}\u00bb][et_pb_row column_structure=\u00bb3_5,2_5&#8243; make_equal=\u00bbon\u00bb _builder_version=\u00bb4.27.4&#8243; _module_preset=\u00bbdefault\u00bb global_colors_info=\u00bb{}\u00bb][et_pb_column type=\u00bb3_5&#8243; _builder_version=\u00bb4.27.4&#8243; _module_preset=\u00bbdefault\u00bb global_colors_info=\u00bb{}\u00bb][et_pb_gallery gallery_ids=\u00bb3026,3027,3028&#8243; fullwidth=\u00bbon\u00bb _builder_version=\u00bb4.27.4&#8243; _module_preset=\u00bbdefault\u00bb global_colors_info=\u00bb{}\u00bb][\/et_pb_gallery][\/et_pb_column][et_pb_column type=\u00bb2_5&#8243; _builder_version=\u00bb4.27.4&#8243; _module_preset=\u00bbdefault\u00bb background_color=\u00bb#6AAF2D\u00bb custom_padding=\u00bb50px|20px|50px|20px|true|true\u00bb border_radii=\u00bboff|30px||30px|\u00bb global_colors_info=\u00bb{}\u00bb][et_pb_text _builder_version=\u00bb4.27.4&#8243; _module_preset=\u00bbdefault\u00bb text_font=\u00bbPoppins|300|||||||\u00bb text_text_color=\u00bb#F2EBE4&#8243; header_3_font=\u00bbDM Sans|700||on|||||\u00bb header_3_text_align=\u00bbleft\u00bb header_3_text_color=\u00bb#F5F3EE\u00bb global_colors_info=\u00bb{}\u00bb]<\/p>\n<h3>Aliados<\/h3>\n<p>[\/et_pb_text][et_pb_text _builder_version=\u00bb4.27.4&#8243; _module_preset=\u00bbdefault\u00bb text_font=\u00bbPoppins|300|||||||\u00bb text_text_color=\u00bb#F2EBE4&#8243; global_colors_info=\u00bb{}\u00bb]Municipio de Buenavista Quind\u00edo<br \/>\nASPROFIL<br \/>\nPROCORD<br \/>\nASOCAMPO[\/et_pb_text][\/et_pb_column][\/et_pb_row][\/et_pb_section][et_pb_section fb_built=\u00bb1&#8243; admin_label=\u00bbFooter\u00bb _builder_version=\u00bb4.27.4&#8243; _module_preset=\u00bbdefault\u00bb background_color=\u00bb#6AAF2D\u00bb background_image=\u00bbhttps:\/\/corporacionagrocolombia.com\/sitio\/wp-content\/uploads\/2022\/11\/Equipo-Agrocolombia.jpeg\u00bb background_blend=\u00bbsoft-light\u00bb bottom_divider_color=\u00bb#eaeaea\u00bb bottom_divider_height=\u00bb50px\u00bb global_module=\u00bb111&#8243; saved_tabs=\u00bball\u00bb locked=\u00bboff\u00bb global_colors_info=\u00bb{}\u00bb][et_pb_row _builder_version=\u00bb4.16&#8243; _module_preset=\u00bbdefault\u00bb global_colors_info=\u00bb{}\u00bb][et_pb_column type=\u00bb4_4&#8243; _builder_version=\u00bb4.16&#8243; _module_preset=\u00bbdefault\u00bb global_colors_info=\u00bb{}\u00bb][et_pb_text _builder_version=\u00bb4.17.3&#8243; _module_preset=\u00bbdefault\u00bb header_2_font=\u00bbDM Sans||||||||\u00bb header_2_text_align=\u00bbcenter\u00bb header_2_text_color=\u00bb#FFFFFF\u00bb header_2_font_size=\u00bb50px\u00bb header_2_letter_spacing=\u00bb-0.02em\u00bb header_2_line_height=\u00bb1.15em\u00bb max_width=\u00bb960px\u00bb module_alignment=\u00bbcenter\u00bb header_2_text_align_tablet=\u00bbleft\u00bb header_2_text_align_phone=\u00bb\u00bb header_2_text_align_last_edited=\u00bbon|phone\u00bb header_2_font_size_tablet=\u00bb32px\u00bb header_2_font_size_phone=\u00bb20px\u00bb header_2_font_size_last_edited=\u00bbon|desktop\u00bb locked=\u00bboff\u00bb global_colors_info=\u00bb{}\u00bb]<\/p>\n<h2>Para cualquier informaci\u00f3n, estamos felices de atenderte<\/h2>\n<p>[\/et_pb_text][\/et_pb_column][\/et_pb_row][et_pb_row _builder_version=\u00bb4.16&#8243; _module_preset=\u00bbdefault\u00bb custom_padding=\u00bb0px||||false|false\u00bb global_colors_info=\u00bb{}\u00bb][et_pb_column type=\u00bb4_4&#8243; _builder_version=\u00bb4.16&#8243; _module_preset=\u00bbdefault\u00bb global_colors_info=\u00bb{}\u00bb][et_pb_text _builder_version=\u00bb4.17.3&#8243; _module_preset=\u00bbdefault\u00bb text_font=\u00bbDM Sans||||||||\u00bb text_text_color=\u00bb#FFFFFF\u00bb text_font_size=\u00bb22px\u00bb link_text_color=\u00bb#FFFFFF\u00bb text_orientation=\u00bbcenter\u00bb text_font_size_tablet=\u00bb18px\u00bb text_font_size_phone=\u00bb14px\u00bb text_font_size_last_edited=\u00bbon|tablet\u00bb locked=\u00bboff\u00bb global_colors_info=\u00bb{}\u00bb link_text_color__hover_enabled=\u00bbon|hover\u00bb link_text_color__hover=\u00bb#FFFFFF\u00bb]<\/p>\n<p>Ll\u00e1manos: <span>(57) (606) 738 4277<\/span><\/p>\n<p>[\/et_pb_text][\/et_pb_column][\/et_pb_row][et_pb_row column_structure=\u00bb1_2,1_2&#8243; _builder_version=\u00bb4.17.3&#8243; _module_preset=\u00bbdefault\u00bb global_colors_info=\u00bb{}\u00bb][et_pb_column type=\u00bb1_2&#8243; _builder_version=\u00bb4.16&#8243; _module_preset=\u00bbdefault\u00bb global_colors_info=\u00bb{}\u00bb][et_pb_button button_url=\u00bb@ET-DC@eyJkeW5hbWljIjp0cnVlLCJjb250ZW50IjoicG9zdF9saW5rX3VybF9wYWdlIiwic2V0dGluZ3MiOnsicG9zdF9pZCI6IjIyMjkifX0=@\u00bb button_text=\u00bbTrabaja con nosotros\u00bb button_alignment=\u00bbright\u00bb button_alignment_tablet=\u00bbcenter\u00bb button_alignment_phone=\u00bb\u00bb button_alignment_last_edited=\u00bbon|desktop\u00bb _builder_version=\u00bb4.18.0&#8243; _dynamic_attributes=\u00bbbutton_url\u00bb _module_preset=\u00bbdefault\u00bb custom_button=\u00bbon\u00bb button_text_size=\u00bb14px\u00bb button_text_color=\u00bb#6AAF2D\u00bb button_bg_color=\u00bb#F5F3EE\u00bb button_border_width=\u00bb0px\u00bb button_border_radius=\u00bb37px\u00bb button_font=\u00bbDM Sans|700||on|||||\u00bb custom_padding=\u00bb15px|22px|12px|22px|false|true\u00bb locked=\u00bboff\u00bb global_colors_info=\u00bb{}\u00bb button_bg_color__hover_enabled=\u00bboff|desktop\u00bb button_bg_color__hover=\u00bb#6AAF2D\u00bb button_bg_enable_color__hover=\u00bbon\u00bb][\/et_pb_button][\/et_pb_column][et_pb_column type=\u00bb1_2&#8243; _builder_version=\u00bb4.16&#8243; _module_preset=\u00bbdefault\u00bb global_colors_info=\u00bb{}\u00bb][et_pb_button button_url=\u00bb@ET-DC@eyJkeW5hbWljIjp0cnVlLCJjb250ZW50IjoicG9zdF9saW5rX3VybF9wYWdlIiwic2V0dGluZ3MiOnsicG9zdF9pZCI6IjkifX0=@\u00bb button_text=\u00bbCont\u00e1ctanos\u00bb button_alignment_tablet=\u00bbcenter\u00bb button_alignment_phone=\u00bb\u00bb button_alignment_last_edited=\u00bbon|tablet\u00bb _builder_version=\u00bb4.18.0&#8243; _dynamic_attributes=\u00bbbutton_url\u00bb _module_preset=\u00bbdefault\u00bb custom_button=\u00bbon\u00bb button_text_size=\u00bb14px\u00bb button_text_color=\u00bb#6AAF2D\u00bb button_bg_color=\u00bb#F5F3EE\u00bb button_border_width=\u00bb0px\u00bb button_border_color=\u00bb#6AAF2D\u00bb button_border_radius=\u00bb37px\u00bb button_letter_spacing=\u00bb1px\u00bb button_font=\u00bbDM Sans|700||on|||||\u00bb custom_padding=\u00bb15px|24px|12px|24px|false|true\u00bb locked=\u00bboff\u00bb global_colors_info=\u00bb{}\u00bb button_text_color__hover_enabled=\u00bboff|desktop\u00bb button_text_color__hover=\u00bb#FFFFFF\u00bb button_bg_color__hover_enabled=\u00bboff|desktop\u00bb button_bg_color__hover=\u00bb#6AAF2D\u00bb button_bg_enable_color__hover=\u00bbon\u00bb][\/et_pb_button][\/et_pb_column][\/et_pb_row][\/et_pb_section]<\/p>\n","protected":false},"excerpt":{"rendered":"<p>Corporaci\u00f3n agrocolombia Experiencias Cada experiencia representa una historia de innovaci\u00f3n, trabajo conjunto y transformaci\u00f3n en el sector agropecuarioOBJETO: Asistencia y acompa\u00f1amiento t\u00e9cnico a la poblaci\u00f3n campesina y familias victimas hacia la soberan\u00eda y seguridad alimentaria a trav\u00e9s de la producci\u00f3n de verduras, hortalizas y dem\u00e1s l\u00edneas productivas enfocada en la mitigaci\u00f3n de los efectos del [&hellip;]<\/p>\n","protected":false},"author":1,"featured_media":0,"parent":0,"menu_order":0,"comment_status":"closed","ping_status":"closed","template":"","meta":{"_et_pb_use_builder":"on","_et_pb_old_content":"<!-- wp:divi\/placeholder \/-->","_et_gb_content_width":"","footnotes":""},"class_list":["post-3023","page","type-page","status-publish","hentry"],"jetpack_sharing_enabled":true,"_links":{"self":[{"href":"https:\/\/corporacionagrocolombia.com\/sitio\/wp-json\/wp\/v2\/pages\/3023","targetHints":{"allow":["GET"]}}],"collection":[{"href":"https:\/\/corporacionagrocolombia.com\/sitio\/wp-json\/wp\/v2\/pages"}],"about":[{"href":"https:\/\/corporacionagrocolombia.com\/sitio\/wp-json\/wp\/v2\/types\/page"}],"author":[{"embeddable":true,"href":"https:\/\/corporacionagrocolombia.com\/sitio\/wp-json\/wp\/v2\/users\/1"}],"replies":[{"embeddable":true,"href":"https:\/\/corporacionagrocolombia.com\/sitio\/wp-json\/wp\/v2\/comments?post=3023"}],"version-history":[{"count":6,"href":"https:\/\/corporacionagrocolombia.com\/sitio\/wp-json\/wp\/v2\/pages\/3023\/revisions"}],"predecessor-version":[{"id":3165,"href":"https:\/\/corporacionagrocolombia.com\/sitio\/wp-json\/wp\/v2\/pages\/3023\/revisions\/3165"}],"wp:attachment":[{"href":"https:\/\/corporacionagrocolombia.com\/sitio\/wp-json\/wp\/v2\/media?parent=3023"}],"curies":[{"name":"wp","href":"https:\/\/api.w.org\/{rel}","templated":true}]}}