{"id":2896,"date":"2025-10-29T03:42:25","date_gmt":"2025-10-29T03:42:25","guid":{"rendered":"https:\/\/corporacionagrocolombia.com\/sitio\/?page_id=2896"},"modified":"2025-11-03T15:38:13","modified_gmt":"2025-11-03T15:38:13","slug":"certificaciones-y-verificaciones","status":"publish","type":"page","link":"https:\/\/corporacionagrocolombia.com\/sitio\/certificaciones-y-verificaciones\/","title":{"rendered":"Certificaciones y Verificaciones"},"content":{"rendered":"<p>[et_pb_section fb_built=\u00bb1&#8243; _builder_version=\u00bb4.27.4&#8243; _module_preset=\u00bbdefault\u00bb background_color=\u00bb#6AAF2D\u00bb background_image=\u00bbhttps:\/\/corporacionagrocolombia.com\/sitio\/wp-content\/uploads\/2025\/10\/blurred-abstract-background-interior-view-looking-out-toward-empty-office-lobby-entrance-doors-glass-curtain-wall-with-frame-scaled-1.jpg\u00bb background_blend=\u00bbmultiply\u00bb custom_padding=\u00bb4vw||4vw||true|false\u00bb global_colors_info=\u00bb{}\u00bb][et_pb_row _builder_version=\u00bb4.16&#8243; _module_preset=\u00bbdefault\u00bb animation_style=\u00bbzoom\u00bb animation_delay=\u00bb100ms\u00bb animation_starting_opacity=\u00bb20%\u00bb custom_css_main_element=\u00bbdisplay:flex;||align-items:center;||justify-content:center;\u00bb global_colors_info=\u00bb{}\u00bb custom_css_main_element_last_edited=\u00bbon|tablet\u00bb custom_css_main_element_tablet=\u00bbdisplay:flex;||align-items:center;||justify-content:center;\u00bb custom_css_main_element_phone=\u00bbdisplay:flex;||align-items:center;||justify-content:center;\u00bb][et_pb_column type=\u00bb4_4&#8243; _builder_version=\u00bb4.16&#8243; _module_preset=\u00bbdefault\u00bb global_colors_info=\u00bb{}\u00bb][et_pb_text _builder_version=\u00bb4.27.4&#8243; _module_preset=\u00bbdefault\u00bb text_font=\u00bbPoppins|300|||||||\u00bb text_text_color=\u00bb#FFFFFF\u00bb header_2_font=\u00bbDM Sans|700|||||||\u00bb header_2_text_color=\u00bb#F5F3EE\u00bb header_2_font_size=\u00bb50px\u00bb header_2_letter_spacing=\u00bb-0.02em\u00bb header_2_line_height=\u00bb1.15em\u00bb header_4_font=\u00bbDM Sans|700||on|||||\u00bb header_4_text_color=\u00bb#F5F3EE\u00bb header_4_font_size=\u00bb14px\u00bb header_4_letter_spacing=\u00bb1px\u00bb header_4_line_height=\u00bb1.5em\u00bb text_orientation=\u00bbcenter\u00bb header_2_font_size_tablet=\u00bb32px\u00bb header_2_font_size_phone=\u00bb20px\u00bb header_2_font_size_last_edited=\u00bbon|desktop\u00bb header_4_font_size_tablet=\u00bb14px\u00bb header_4_font_size_phone=\u00bb\u00bb header_4_font_size_last_edited=\u00bbon|tablet\u00bb global_colors_info=\u00bb{}\u00bb]<\/p>\n<h4>Corporaci\u00f3n agrocolombia<\/h4>\n<h2>Certificaciones y Verificaciones<\/h2>\n<p>Contamos con verificaciones y acreditaciones que garantizan la calidad, transparencia y compromiso[\/et_pb_text][\/et_pb_column][\/et_pb_row][\/et_pb_section][et_pb_section fb_built=\u00bb1&#8243; admin_label=\u00bbHeader\u00bb _builder_version=\u00bb4.16&#8243; _module_preset=\u00bbdefault\u00bb background_color=\u00bb#f5f3ee\u00bb global_colors_info=\u00bb{}\u00bb][et_pb_row column_structure=\u00bb1_2,1_2&#8243; _builder_version=\u00bb4.27.4&#8243; _module_preset=\u00bbdefault\u00bb border_width_bottom=\u00bb1px\u00bb border_color_bottom=\u00bb#cccccc\u00bb locked=\u00bboff\u00bb global_colors_info=\u00bb{}\u00bb][et_pb_column type=\u00bb1_2&#8243; _builder_version=\u00bb4.16&#8243; _module_preset=\u00bbdefault\u00bb global_colors_info=\u00bb{}\u00bb][et_pb_image src=\u00bbhttps:\/\/corporacionagrocolombia.com\/sitio\/wp-content\/uploads\/2025\/10\/PORTAFOLIO-MAURICIO-AGROCOLOMBIA-14.jpg\u00bb title_text=\u00bbPORTAFOLIO-MAURICIO-AGROCOLOMBIA-14&#8243; _builder_version=\u00bb4.27.4&#8243; _module_preset=\u00bbdefault\u00bb border_radii=\u00bboff|50px||50px|\u00bb border_width_all=\u00bb8px\u00bb border_color_all=\u00bb#6AAF2D\u00bb locked=\u00bboff\u00bb global_colors_info=\u00bb{}\u00bb][\/et_pb_image][\/et_pb_column][et_pb_column type=\u00bb1_2&#8243; _builder_version=\u00bb4.16&#8243; _module_preset=\u00bbdefault\u00bb global_colors_info=\u00bb{}\u00bb][et_pb_text _builder_version=\u00bb4.27.4&#8243; _module_preset=\u00bbdefault\u00bb header_font=\u00bb||||||||\u00bb header_3_font=\u00bbDM Sans|700|||||||\u00bb header_3_text_color=\u00bb#6AAF2D\u00bb header_3_font_size=\u00bb36px\u00bb header_3_letter_spacing=\u00bb-0.02em\u00bb header_3_line_height=\u00bb1.2em\u00bb custom_margin=\u00bb||10px||false|false\u00bb header_3_font_size_tablet=\u00bb20px\u00bb header_3_font_size_phone=\u00bb16px\u00bb header_3_font_size_last_edited=\u00bbon|phone\u00bb locked=\u00bboff\u00bb global_colors_info=\u00bb{}\u00bb]<\/p>\n<h3>Certificaciones y Verificaciones<\/h3>\n<p>[\/et_pb_text][et_pb_text _builder_version=\u00bb4.27.4&#8243; _module_preset=\u00bbdefault\u00bb text_font=\u00bbPoppins|300|||||||\u00bb text_text_color=\u00bb#242424&#8243; header_font=\u00bb||||||||\u00bb header_3_font=\u00bbDM Sans|700|||||||\u00bb header_3_text_color=\u00bb#6AAF2D\u00bb header_3_font_size=\u00bb36px\u00bb header_3_letter_spacing=\u00bb-0.02em\u00bb header_3_line_height=\u00bb1.2em\u00bb text_orientation=\u00bbjustified\u00bb custom_margin=\u00bb||||false|false\u00bb header_3_font_size_tablet=\u00bb20px\u00bb header_3_font_size_phone=\u00bb16px\u00bb header_3_font_size_last_edited=\u00bbon|phone\u00bb locked=\u00bboff\u00bb global_colors_info=\u00bb{}\u00bb]<\/p>\n<p>Agrocolombia Realiza el Asesoramiento, La Trazabilidad e Implementaci\u00f3n para obtener certificaciones y verificaciones individuales y de cadenas de productores en las diferentes l\u00edneas de productividad agropecuaria (Caf\u00e9, Aguacate, Pl\u00e1tano, Banano, Flores, Hortalizas, Palma de Aceite, Cacao, C\u00edtricos, Papa, Arroz, Ca\u00f1a de Az\u00facar, Cultivos de Ciclo Corto \u2013 Ciclo Mediano \u2013 Ciclo Largo, Infraestructura Rural, Ganader\u00eda, Porcicultura, Avicultura, Piscicultura, etc.).<\/p>\n<p>Estas son normas de reconocimiento nacional e internacional para la producci\u00f3n agraria, en las cuales se ampl\u00edan modelos beneficiosos seguros, de sostenibilidad y con balances en los criterios ecol\u00f3gicos, econ\u00f3micos y sociales sostenibles.<\/p>\n<p>[\/et_pb_text][\/et_pb_column][\/et_pb_row][\/et_pb_section][et_pb_section fb_built=\u00bb1&#8243; custom_padding_last_edited=\u00bbon|tablet\u00bb padding_top_1=\u00bb120px\u00bb padding_top_bottom_link_1=\u00bbfalse\u00bb padding_left_right_link_1=\u00bbfalse\u00bb _builder_version=\u00bb4.17.3&#8243; _module_preset=\u00bbdefault\u00bb background_color=\u00bb#f5f3ee\u00bb custom_padding=\u00bb|100px||100px|false|true\u00bb custom_padding_tablet=\u00bb|0px||0px|false|true\u00bb custom_padding_phone=\u00bb|0px||0px|false|true\u00bb global_colors_info=\u00bb{}\u00bb][et_pb_row column_structure=\u00bb1_2,1_2&#8243; _builder_version=\u00bb4.27.4&#8243; _module_preset=\u00bbdefault\u00bb background_enable_color=\u00bboff\u00bb global_colors_info=\u00bb{}\u00bb][et_pb_column type=\u00bb1_2&#8243; _builder_version=\u00bb4.27.4&#8243; _module_preset=\u00bbdefault\u00bb global_colors_info=\u00bb{}\u00bb][et_pb_text _builder_version=\u00bb4.27.4&#8243; _module_preset=\u00bbdefault\u00bb header_font=\u00bb||||||||\u00bb header_3_font=\u00bbDM Sans|700|||||||\u00bb header_3_text_align=\u00bbcenter\u00bb header_3_text_color=\u00bb#F2EBE4&#8243; header_3_letter_spacing=\u00bb-0.02em\u00bb header_3_line_height=\u00bb1.2em\u00bb background_color=\u00bb#E77212&#8243; custom_padding=\u00bb10px||10px||true|false\u00bb border_radii=\u00bboff||30px||30px\u00bb locked=\u00bboff\u00bb global_colors_info=\u00bb{}\u00bb]<\/p>\n<h3>Certificaciones<\/h3>\n<p>[\/et_pb_text][et_pb_text _builder_version=\u00bb4.27.4&#8243; _module_preset=\u00bbdefault\u00bb text_font=\u00bbPoppins|300|||||||\u00bb text_orientation=\u00bbcenter\u00bb global_colors_info=\u00bb{}\u00bb]<\/p>\n<p>Rainforest Alliance Certified.<br \/>Buenas Pr\u00e1cticas Agr\u00edcolas B.P.A (I.C.A).<br \/>Global G.A.P.<br \/>Fairtrade FLO \u2013 Comercio Justo.<br \/>Florverde Sustainable Flowers.<br \/>4C C\u00f3digo de Conducta.<br \/>Tesco Nurture.<br \/>Certificaci\u00f3n Fitosanitaria Predio Exportador (I.C.A).<br \/>Buenas Pr\u00e1cticas en la Alimentaci\u00f3n Animal (I.C.A.).<br \/>Buenas Pr\u00e1cticas en el Uso de Medicamentos Veterinarios (I.C.A.).<br \/>Buenas Pr\u00e1cticas Ganaderas (I.C.A.).<br \/>Buenas Pr\u00e1cticas Av\u00edcolas (I.C.A.).<br \/>Buenas Pr\u00e1cticas Porcicolas (I.C.A.).<br \/>ISO 22000 Garant\u00eda Seguridad Alimentaria.<\/p>\n<p>[\/et_pb_text][\/et_pb_column][et_pb_column type=\u00bb1_2&#8243; _builder_version=\u00bb4.27.4&#8243; _module_preset=\u00bbdefault\u00bb global_colors_info=\u00bb{}\u00bb][et_pb_text _builder_version=\u00bb4.27.4&#8243; _module_preset=\u00bbdefault\u00bb header_font=\u00bb||||||||\u00bb header_3_font=\u00bbDM Sans|700|||||||\u00bb header_3_text_align=\u00bbcenter\u00bb header_3_text_color=\u00bb#F2EBE4&#8243; header_3_letter_spacing=\u00bb-0.02em\u00bb header_3_line_height=\u00bb1.2em\u00bb background_color=\u00bb#E77212&#8243; custom_padding=\u00bb10px||10px||true|false\u00bb header_3_font_size_tablet=\u00bb28px\u00bb header_3_font_size_phone=\u00bb22px\u00bb header_3_font_size_last_edited=\u00bboff|desktop\u00bb border_radii=\u00bboff||30px||30px\u00bb locked=\u00bboff\u00bb global_colors_info=\u00bb{}\u00bb]<\/p>\n<h3>Certificaciones Org\u00e1nicas<\/h3>\n<p>[\/et_pb_text][et_pb_text _builder_version=\u00bb4.27.4&#8243; _module_preset=\u00bbdefault\u00bb text_font=\u00bbPoppins|300|||||||\u00bb text_orientation=\u00bbcenter\u00bb global_colors_info=\u00bb{}\u00bb]USDA Organic NOP \u2013 National Organic Program E.E.U.U.<br \/>\n UE \u2013 Reglamento para la Agricultura Org\u00e1nica EUROPA.<br \/>\nJAS \u2013 Norma Org\u00e1nica de JAP\u00d3N.<br \/>\nCOR \u2013 Norma Org\u00e1nica de CANADA.<br \/>\nNATURLAND \u2013 Agricultura Org\u00e1nica.<br \/>\n BIOSUISSE ORGANIC \u2013 SUIZA.<br \/>\nDEMETER \u2013 Certificaci\u00f3n de Agricultura Biodin\u00e1mica ESPA\u00d1A.<br \/>\nBIRD FRIENDLY SMITHSONIAN \u2013 Caf\u00e9 Org\u00e1nico Bajo Sombra.<br \/>\nSOIL ASSOCIATI\u00d3N \u2013 ORGANIC STANDARD[\/et_pb_text][\/et_pb_column][\/et_pb_row][et_pb_row _builder_version=\u00bb4.27.4&#8243; _module_preset=\u00bbdefault\u00bb background_enable_color=\u00bboff\u00bb global_colors_info=\u00bb{}\u00bb][et_pb_column type=\u00bb4_4&#8243; _builder_version=\u00bb4.27.4&#8243; _module_preset=\u00bbdefault\u00bb global_colors_info=\u00bb{}\u00bb][et_pb_text _builder_version=\u00bb4.27.4&#8243; _module_preset=\u00bbdefault\u00bb header_font=\u00bb||||||||\u00bb header_3_font=\u00bbDM Sans|700|||||||\u00bb header_3_text_align=\u00bbcenter\u00bb header_3_text_color=\u00bb#F2EBE4&#8243; header_3_letter_spacing=\u00bb-0.02em\u00bb header_3_line_height=\u00bb1.2em\u00bb background_color=\u00bb#6AAF2D\u00bb custom_padding=\u00bb10px||10px||true|false\u00bb border_radii=\u00bboff||30px||30px\u00bb locked=\u00bboff\u00bb global_colors_info=\u00bb{}\u00bb]<\/p>\n<h3>Verificaciones<\/h3>\n<p>[\/et_pb_text][et_pb_text _builder_version=\u00bb4.27.4&#8243; _module_preset=\u00bbdefault\u00bb text_font=\u00bbPoppins|300|||||||\u00bb text_orientation=\u00bbcenter\u00bb global_colors_info=\u00bb{}\u00bb]Nespresso AAA Sustainable Quality TM.<br \/>\n C.A.F.E. Practice STARBUCKS COFFEE.<br \/>\n GRASP Evaluaci\u00f3n de Riesgo para las Pr\u00e1cticas Sociales \u2013 GLOBAL G.A.P.<br \/>\n FSMA Y PSR Reglas de Seguridad de Productos E.E.U.U. \u2013 GLOBAL G.A.P.<br \/>\n SPRING Gesti\u00f3n Sostenible del Agua \u2013 GLOBAL G.A.P.<br \/>\n R4T BIOSEGURIDAD Para el Sector Bananero \u2013 GLOBAL G.A.P.[\/et_pb_text][\/et_pb_column][\/et_pb_row][\/et_pb_section][et_pb_section fb_built=\u00bb1&#8243; theme_builder_area=\u00bbpost_content\u00bb _builder_version=\u00bb4.27.4&#8243; _module_preset=\u00bbdefault\u00bb][et_pb_row _builder_version=\u00bb4.27.4&#8243; _module_preset=\u00bbdefault\u00bb theme_builder_area=\u00bbpost_content\u00bb][et_pb_column _builder_version=\u00bb4.27.4&#8243; _module_preset=\u00bbdefault\u00bb type=\u00bb4_4&#8243; theme_builder_area=\u00bbpost_content\u00bb][et_pb_image src=\u00bbhttps:\/\/corporacionagrocolombia.com\/sitio\/wp-content\/uploads\/2025\/11\/logos-certificaciones-scaled.jpg\u00bb _builder_version=\u00bb4.27.4&#8243; _module_preset=\u00bbdefault\u00bb theme_builder_area=\u00bbpost_content\u00bb title_text=\u00bblogos-certificaciones\u00bb align=\u00bbcenter\u00bb hover_enabled=\u00bb0&#8243; sticky_enabled=\u00bb0&#8243;][\/et_pb_image][\/et_pb_column][\/et_pb_row][\/et_pb_section][et_pb_section fb_built=\u00bb1&#8243; admin_label=\u00bbFooter\u00bb _builder_version=\u00bb4.27.4&#8243; _module_preset=\u00bbdefault\u00bb background_color=\u00bb#6AAF2D\u00bb background_image=\u00bbhttps:\/\/corporacionagrocolombia.com\/sitio\/wp-content\/uploads\/2022\/11\/Equipo-Agrocolombia.jpeg\u00bb background_blend=\u00bbsoft-light\u00bb bottom_divider_color=\u00bb#eaeaea\u00bb bottom_divider_height=\u00bb50px\u00bb global_module=\u00bb111&#8243; saved_tabs=\u00bball\u00bb locked=\u00bboff\u00bb global_colors_info=\u00bb{}\u00bb][et_pb_row _builder_version=\u00bb4.16&#8243; _module_preset=\u00bbdefault\u00bb global_colors_info=\u00bb{}\u00bb][et_pb_column type=\u00bb4_4&#8243; _builder_version=\u00bb4.16&#8243; _module_preset=\u00bbdefault\u00bb global_colors_info=\u00bb{}\u00bb][et_pb_text _builder_version=\u00bb4.17.3&#8243; _module_preset=\u00bbdefault\u00bb header_2_font=\u00bbDM Sans||||||||\u00bb header_2_text_align=\u00bbcenter\u00bb header_2_text_color=\u00bb#FFFFFF\u00bb header_2_font_size=\u00bb50px\u00bb header_2_letter_spacing=\u00bb-0.02em\u00bb header_2_line_height=\u00bb1.15em\u00bb max_width=\u00bb960px\u00bb module_alignment=\u00bbcenter\u00bb header_2_text_align_tablet=\u00bbleft\u00bb header_2_text_align_phone=\u00bb\u00bb header_2_text_align_last_edited=\u00bbon|phone\u00bb header_2_font_size_tablet=\u00bb32px\u00bb header_2_font_size_phone=\u00bb20px\u00bb header_2_font_size_last_edited=\u00bbon|desktop\u00bb locked=\u00bboff\u00bb global_colors_info=\u00bb{}\u00bb]<\/p>\n<h2>Para cualquier informaci\u00f3n, estamos felices de atenderte<\/h2>\n<p>[\/et_pb_text][\/et_pb_column][\/et_pb_row][et_pb_row _builder_version=\u00bb4.16&#8243; _module_preset=\u00bbdefault\u00bb custom_padding=\u00bb0px||||false|false\u00bb global_colors_info=\u00bb{}\u00bb][et_pb_column type=\u00bb4_4&#8243; _builder_version=\u00bb4.16&#8243; _module_preset=\u00bbdefault\u00bb global_colors_info=\u00bb{}\u00bb][et_pb_text _builder_version=\u00bb4.17.3&#8243; _module_preset=\u00bbdefault\u00bb text_font=\u00bbDM Sans||||||||\u00bb text_text_color=\u00bb#FFFFFF\u00bb text_font_size=\u00bb22px\u00bb link_text_color=\u00bb#FFFFFF\u00bb text_orientation=\u00bbcenter\u00bb text_font_size_tablet=\u00bb18px\u00bb text_font_size_phone=\u00bb14px\u00bb text_font_size_last_edited=\u00bbon|tablet\u00bb locked=\u00bboff\u00bb global_colors_info=\u00bb{}\u00bb link_text_color__hover_enabled=\u00bbon|hover\u00bb link_text_color__hover=\u00bb#FFFFFF\u00bb]<\/p>\n<p>Ll\u00e1manos: <span>(57) (606) 738 4277<\/span><\/p>\n<p>[\/et_pb_text][\/et_pb_column][\/et_pb_row][et_pb_row column_structure=\u00bb1_2,1_2&#8243; _builder_version=\u00bb4.17.3&#8243; _module_preset=\u00bbdefault\u00bb global_colors_info=\u00bb{}\u00bb][et_pb_column type=\u00bb1_2&#8243; _builder_version=\u00bb4.16&#8243; _module_preset=\u00bbdefault\u00bb global_colors_info=\u00bb{}\u00bb][et_pb_button button_url=\u00bb@ET-DC@eyJkeW5hbWljIjp0cnVlLCJjb250ZW50IjoicG9zdF9saW5rX3VybF9wYWdlIiwic2V0dGluZ3MiOnsicG9zdF9pZCI6IjIyMjkifX0=@\u00bb button_text=\u00bbTrabaja con nosotros\u00bb button_alignment=\u00bbright\u00bb button_alignment_tablet=\u00bbcenter\u00bb button_alignment_phone=\u00bb\u00bb button_alignment_last_edited=\u00bbon|desktop\u00bb _builder_version=\u00bb4.18.0&#8243; _dynamic_attributes=\u00bbbutton_url\u00bb _module_preset=\u00bbdefault\u00bb custom_button=\u00bbon\u00bb button_text_size=\u00bb14px\u00bb button_text_color=\u00bb#6AAF2D\u00bb button_bg_color=\u00bb#F5F3EE\u00bb button_border_width=\u00bb0px\u00bb button_border_radius=\u00bb37px\u00bb button_font=\u00bbDM Sans|700||on|||||\u00bb custom_padding=\u00bb15px|22px|12px|22px|false|true\u00bb locked=\u00bboff\u00bb global_colors_info=\u00bb{}\u00bb button_bg_color__hover_enabled=\u00bboff|desktop\u00bb button_bg_color__hover=\u00bb#6AAF2D\u00bb button_bg_enable_color__hover=\u00bbon\u00bb][\/et_pb_button][\/et_pb_column][et_pb_column type=\u00bb1_2&#8243; _builder_version=\u00bb4.16&#8243; _module_preset=\u00bbdefault\u00bb global_colors_info=\u00bb{}\u00bb][et_pb_button button_url=\u00bb@ET-DC@eyJkeW5hbWljIjp0cnVlLCJjb250ZW50IjoicG9zdF9saW5rX3VybF9wYWdlIiwic2V0dGluZ3MiOnsicG9zdF9pZCI6IjkifX0=@\u00bb button_text=\u00bbCont\u00e1ctanos\u00bb button_alignment_tablet=\u00bbcenter\u00bb button_alignment_phone=\u00bb\u00bb button_alignment_last_edited=\u00bbon|tablet\u00bb _builder_version=\u00bb4.18.0&#8243; _dynamic_attributes=\u00bbbutton_url\u00bb _module_preset=\u00bbdefault\u00bb custom_button=\u00bbon\u00bb button_text_size=\u00bb14px\u00bb button_text_color=\u00bb#6AAF2D\u00bb button_bg_color=\u00bb#F5F3EE\u00bb button_border_width=\u00bb0px\u00bb button_border_color=\u00bb#6AAF2D\u00bb button_border_radius=\u00bb37px\u00bb button_letter_spacing=\u00bb1px\u00bb button_font=\u00bbDM Sans|700||on|||||\u00bb custom_padding=\u00bb15px|24px|12px|24px|false|true\u00bb locked=\u00bboff\u00bb global_colors_info=\u00bb{}\u00bb button_text_color__hover_enabled=\u00bboff|desktop\u00bb button_text_color__hover=\u00bb#FFFFFF\u00bb button_bg_color__hover_enabled=\u00bboff|desktop\u00bb button_bg_color__hover=\u00bb#6AAF2D\u00bb button_bg_enable_color__hover=\u00bbon\u00bb][\/et_pb_button][\/et_pb_column][\/et_pb_row][\/et_pb_section]<\/p>\n","protected":false},"excerpt":{"rendered":"<p>Corporaci\u00f3n agrocolombia Certificaciones y Verificaciones Contamos con verificaciones y acreditaciones que garantizan la calidad, transparencia y compromisoCertificaciones y VerificacionesAgrocolombia Realiza el Asesoramiento, La Trazabilidad e Implementaci\u00f3n para obtener certificaciones y verificaciones individuales y de cadenas de productores en las diferentes l\u00edneas de productividad agropecuaria (Caf\u00e9, Aguacate, Pl\u00e1tano, Banano, Flores, Hortalizas, Palma de Aceite, Cacao, C\u00edtricos, [&hellip;]<\/p>\n","protected":false},"author":1,"featured_media":0,"parent":0,"menu_order":0,"comment_status":"closed","ping_status":"closed","template":"","meta":{"_et_pb_use_builder":"on","_et_pb_old_content":"<!-- wp:divi\/placeholder \/-->","_et_gb_content_width":"","footnotes":""},"class_list":["post-2896","page","type-page","status-publish","hentry"],"jetpack_sharing_enabled":true,"_links":{"self":[{"href":"https:\/\/corporacionagrocolombia.com\/sitio\/wp-json\/wp\/v2\/pages\/2896","targetHints":{"allow":["GET"]}}],"collection":[{"href":"https:\/\/corporacionagrocolombia.com\/sitio\/wp-json\/wp\/v2\/pages"}],"about":[{"href":"https:\/\/corporacionagrocolombia.com\/sitio\/wp-json\/wp\/v2\/types\/page"}],"author":[{"embeddable":true,"href":"https:\/\/corporacionagrocolombia.com\/sitio\/wp-json\/wp\/v2\/users\/1"}],"replies":[{"embeddable":true,"href":"https:\/\/corporacionagrocolombia.com\/sitio\/wp-json\/wp\/v2\/comments?post=2896"}],"version-history":[{"count":8,"href":"https:\/\/corporacionagrocolombia.com\/sitio\/wp-json\/wp\/v2\/pages\/2896\/revisions"}],"predecessor-version":[{"id":2909,"href":"https:\/\/corporacionagrocolombia.com\/sitio\/wp-json\/wp\/v2\/pages\/2896\/revisions\/2909"}],"wp:attachment":[{"href":"https:\/\/corporacionagrocolombia.com\/sitio\/wp-json\/wp\/v2\/media?parent=2896"}],"curies":[{"name":"wp","href":"https:\/\/api.w.org\/{rel}","templated":true}]}}